{"id":7,"date":"2024-03-18T08:30:22","date_gmt":"2024-03-18T08:30:22","guid":{"rendered":"https:\/\/fujiyamajp.com\/?page_id=7"},"modified":"2025-12-22T14:29:29","modified_gmt":"2025-12-22T07:29:29","slug":"trang-chu","status":"publish","type":"page","link":"https:\/\/fujiyamajp.com\/vi\/","title":{"rendered":"Trang ch\u1ee7"},"content":{"rendered":"\t<section class=\"section vs-home-banner\" id=\"section_923525938\">\n\t\t<div class=\"bg section-bg fill bg-fill bg-loaded bg-loaded\" >\n\n\t\t\t\n\t\t\t\n\t\t\t\n\n\t\t<\/div>\n\n\t\t\n\n\t\t<div class=\"section-content relative\">\n\t\t\t\n<div class=\"row row-full-width\"  id=\"row-2119949583\">\n\n\t<div id=\"col-1499374176\" class=\"col small-12 large-12\"  >\n\t\t\t\t<div class=\"col-inner\"  >\n\t\t\t\n\t\t\t\n<div class=\"slider-wrapper relative\" id=\"slider-1845048147\" >\n    <div class=\"slider slider-nav-dots-dashes-spaced slider-nav-circle slider-nav-large slider-nav-light slider-style-normal\"\n        data-flickity-options='{\n            \"cellAlign\": \"center\",\n            \"imagesLoaded\": true,\n            \"lazyLoad\": 1,\n            \"freeScroll\": false,\n            \"wrapAround\": true,\n            \"autoPlay\": 6000,\n            \"pauseAutoPlayOnHover\" : true,\n            \"prevNextButtons\": true,\n            \"contain\" : true,\n            \"adaptiveHeight\" : true,\n            \"dragThreshold\" : 10,\n            \"percentPosition\": true,\n            \"pageDots\": true,\n            \"rightToLeft\": false,\n            \"draggable\": false,\n            \"selectedAttraction\": 0.1,\n            \"parallax\" : 0,\n            \"friction\": 0.6        }'\n        >\n        \n\n  <div class=\"banner has-hover is-full-height has-parallax\" id=\"banner-326181106\">\n          <div class=\"banner-inner fill\">\n        <div class=\"banner-bg fill\" data-parallax=\"-3\" data-parallax-container=\".banner\" data-parallax-background>\n            <div class=\"bg fill bg-fill bg-loaded\"><\/div>\n                        <div class=\"overlay\"><\/div>            \n                    <\/div>\n\t\t\n        <div class=\"banner-layers container\">\n            <div class=\"fill banner-link\"><\/div>            \n   <div id=\"text-box-1601681277\" class=\"text-box banner-layer x50 md-x50 lg-x50 y50 md-y50 lg-y50 res-text\">\n                                <div class=\"text-box-content text dark\">\n              \n              <div class=\"text-inner text-center\">\n                  \n<h3 class=\"uppercase\">Th\u01b0\u01a1ng m\u1ea1i trung th\u1ef1c \u2013<br \/>\nKi\u1ebfn t\u1ea1o t\u01b0\u01a1ng lai th\u1ecbnh v\u01b0\u1ee3ng<\/h3>\n<p><strong>Giao d\u1ecbch trung th\u1ef1c \u2013 Ph\u00e1t tri\u1ec3n c\u00f9ng th\u1ebf gi\u1edbi<\/strong><\/p>\n<a href=\"\/san-pham\/\" class=\"button white is-outline lowercase\"  >\n    <span>Xem th\u00eam<\/span>\n  <\/a>\n\n              <\/div>\n           <\/div>\n                            \n<style>\n#text-box-1601681277 {\n  width: 72%;\n}\n#text-box-1601681277 .text-box-content {\n  font-size: 100%;\n}\n<\/style>\n    <\/div>\n \n        <\/div>\n      <\/div>\n\n            \n<style>\n#banner-326181106 {\n  padding-top: 100%;\n}\n#banner-326181106 .bg.bg-loaded {\n  background-image: url(https:\/\/fujiyamajp.com\/wp-content\/uploads\/2025\/12\/banner1.png);\n}\n#banner-326181106 .overlay {\n  background-color: rgba(0, 0, 0, 0.651);\n}\n<\/style>\n  <\/div>\n\n\n\n  <div class=\"banner has-hover is-full-height has-parallax\" id=\"banner-551350586\">\n          <div class=\"banner-inner fill\">\n        <div class=\"banner-bg fill\" data-parallax=\"-3\" data-parallax-container=\".banner\" data-parallax-background>\n            <div class=\"bg fill bg-fill bg-loaded\"><\/div>\n                        <div class=\"overlay\"><\/div>            \n                    <\/div>\n\t\t\n        <div class=\"banner-layers container\">\n            <div class=\"fill banner-link\"><\/div>            \n   <div id=\"text-box-35896560\" class=\"text-box banner-layer x50 md-x50 lg-x50 y50 md-y50 lg-y50 res-text\">\n                                <div class=\"text-box-content text dark\">\n              \n              <div class=\"text-inner text-center\">\n                  \n<h3 class=\"uppercase\">Th\u01b0\u01a1ng m\u1ea1i trung th\u1ef1c \u2013<br \/>\nKi\u1ebfn t\u1ea1o t\u01b0\u01a1ng lai th\u1ecbnh v\u01b0\u1ee3ng<\/h3>\n<p><strong>Giao d\u1ecbch trung th\u1ef1c \u2013 Ph\u00e1t tri\u1ec3n c\u00f9ng th\u1ebf gi\u1edbi<\/strong><\/p>\n<a href=\"\/san-pham\/\" class=\"button white is-outline lowercase\"  >\n    <span>Xem th\u00eam<\/span>\n  <\/a>\n\n              <\/div>\n           <\/div>\n                            \n<style>\n#text-box-35896560 {\n  width: 70%;\n}\n#text-box-35896560 .text-box-content {\n  font-size: 100%;\n}\n<\/style>\n    <\/div>\n \n        <\/div>\n      <\/div>\n\n            \n<style>\n#banner-551350586 {\n  padding-top: 100%;\n}\n#banner-551350586 .bg.bg-loaded {\n  background-image: url(https:\/\/fujiyamajp.com\/wp-content\/uploads\/2025\/12\/banner2.png);\n}\n#banner-551350586 .overlay {\n  background-color: rgba(0, 0, 0, 0.651);\n}\n<\/style>\n  <\/div>\n\n\n     <\/div>\n\n     <div class=\"loading-spin dark large centered\"><\/div>\n\n\t<\/div>\n\n\n\t<div id=\"gap-1818881155\" class=\"gap-element clearfix\" style=\"display:block; height:auto;\">\n\t\t\n<style>\n#gap-1818881155 {\n  padding-top: 60px;\n}\n<\/style>\n\t<\/div>\n\t\n\t\t<\/div>\n\t\t\t\t\n<style>\n#col-1499374176 > .col-inner {\n  padding: 0px 0px 0px 0px;\n}\n<\/style>\n\t<\/div>\n\n\t\n\n<style>\n#row-2119949583 > .col > .col-inner {\n  padding: 0px 0px 0px 0px;\n}\n<\/style>\n<\/div>\n\t\t<\/div>\n\n\t\t\n<style>\n#section_923525938 {\n  padding-top: 0px;\n  padding-bottom: 0px;\n}\n<\/style>\n\t<\/section>\n\t\n\t<section class=\"section vs-home-about\" id=\"section_347771515\">\n\t\t<div class=\"bg section-bg fill bg-fill bg-loaded bg-loaded\" >\n\n\t\t\t\n\t\t\t\n\t\t\t\n\n\t\t<\/div>\n\n\t\t\n\n\t\t<div class=\"section-content relative\">\n\t\t\t\n<div class=\"row\"  id=\"row-2019481671\">\n\n\t<div id=\"col-488307020\" class=\"col pb-0 medium-4 small-12 large-4\"  >\n\t\t\t\t<div class=\"col-inner\"  >\n\t\t\t\n\t\t\t\n<div class=\"slider-wrapper relative\" id=\"slider-429634130\" >\n    <div class=\"slider slider-nav-dots-dashes-spaced slider-nav-circle slider-nav-large slider-nav-light slider-style-normal\"\n        data-flickity-options='{\n            \"cellAlign\": \"center\",\n            \"imagesLoaded\": true,\n            \"lazyLoad\": 1,\n            \"freeScroll\": false,\n            \"wrapAround\": true,\n            \"autoPlay\": 6000,\n            \"pauseAutoPlayOnHover\" : true,\n            \"prevNextButtons\": true,\n            \"contain\" : true,\n            \"adaptiveHeight\" : true,\n            \"dragThreshold\" : 10,\n            \"percentPosition\": true,\n            \"pageDots\": true,\n            \"rightToLeft\": false,\n            \"draggable\": true,\n            \"selectedAttraction\": 0.1,\n            \"parallax\" : 0,\n            \"friction\": 0.6        }'\n        >\n        \n\n  <div class=\"banner has-hover\" id=\"banner-226607211\">\n          <div class=\"banner-inner fill\">\n        <div class=\"banner-bg fill\" >\n            <div class=\"bg fill bg-fill bg-loaded\"><\/div>\n                                    \n                    <\/div>\n\t\t\n        <div class=\"banner-layers container\">\n            <div class=\"fill banner-link\"><\/div>            \n   <div id=\"text-box-524446020\" class=\"text-box banner-layer x50 md-x50 lg-x50 y50 md-y50 lg-y50 res-text\">\n                                <div class=\"text-box-content text dark\">\n              \n              <div class=\"text-inner text-center\">\n                  \n              <\/div>\n           <\/div>\n                            \n<style>\n#text-box-524446020 {\n  width: 60%;\n}\n#text-box-524446020 .text-box-content {\n  font-size: 100%;\n}\n@media (min-width:550px) {\n  #text-box-524446020 {\n    width: 60%;\n  }\n}\n<\/style>\n    <\/div>\n \n        <\/div>\n      <\/div>\n\n            \n<style>\n#banner-226607211 {\n  padding-top: 135.53%;\n}\n#banner-226607211 .bg.bg-loaded {\n  background-image: url(https:\/\/fujiyamajp.com\/wp-content\/uploads\/2025\/12\/z7280259030189_43483592399b9b3ed13a7baeff2114bb.jpg);\n}\n#banner-226607211 .bg {\n  background-position: 50% 22%;\n}\n<\/style>\n  <\/div>\n\n\n\n  <div class=\"banner has-hover\" id=\"banner-528077921\">\n          <div class=\"banner-inner fill\">\n        <div class=\"banner-bg fill\" >\n            <div class=\"bg fill bg-fill bg-loaded\"><\/div>\n                                    \n                    <\/div>\n\t\t\n        <div class=\"banner-layers container\">\n            <div class=\"fill banner-link\"><\/div>            \n   <div id=\"text-box-1121298964\" class=\"text-box banner-layer x50 md-x50 lg-x50 y50 md-y50 lg-y50 res-text\">\n                                <div class=\"text-box-content text dark\">\n              \n              <div class=\"text-inner text-center\">\n                  \n              <\/div>\n           <\/div>\n                            \n<style>\n#text-box-1121298964 {\n  width: 60%;\n}\n#text-box-1121298964 .text-box-content {\n  font-size: 100%;\n}\n@media (min-width:550px) {\n  #text-box-1121298964 {\n    width: 60%;\n  }\n}\n<\/style>\n    <\/div>\n \n        <\/div>\n      <\/div>\n\n            \n<style>\n#banner-528077921 {\n  padding-top: 135.53%;\n}\n#banner-528077921 .bg.bg-loaded {\n  background-image: url(https:\/\/fujiyamajp.com\/wp-content\/uploads\/2025\/12\/z7280259041797_b3aaeeedac5a42e18d6dc5eb75788a86-1.jpg);\n}\n#banner-528077921 .bg {\n  background-position: 50% 22%;\n}\n<\/style>\n  <\/div>\n\n\n     <\/div>\n\n     <div class=\"loading-spin dark large centered\"><\/div>\n\n\t<\/div>\n\n\n\t\t<\/div>\n\t\t\t\t\t<\/div>\n\n\t\n\n\t<div id=\"col-1320145722\" class=\"col medium-8 small-12 large-8\"  >\n\t\t\t\t<div class=\"col-inner\"  >\n\t\t\t\n\t\t\t\n\t<div id=\"text-2666129864\" class=\"text vs-about-content\">\n\t\t\n<h3 style=\"text-align: justify;\">GI\u1edaI THI\u1ec6U V\u1ec0 C\u00d4NG TY<\/h3>\n<p style=\"text-align: justify;\">Ch\u00fang t\u00f4i l\u1ea5y <strong>\u201cGiao d\u1ecbch trung th\u1ef1c\u201d<\/strong> v\u00e0 <strong>\u201cC\u00e2y c\u1ea7u c\u1ee7a s\u1ef1 tin c\u1eady\u201d<\/strong> l\u00e0m tri\u1ebft l\u00fd c\u1ed1t l\u00f5i, mang \u0111\u1ebfn nh\u1eefng s\u1ea3n ph\u1ea9m ch\u1ea5t l\u01b0\u1ee3ng v\u00e0 gi\u00e1 tr\u1ecb thi\u1ebft th\u1ef1c k\u1ebft n\u1ed1i Nh\u1eadt B\u1ea3n v\u1edbi th\u1ebf gi\u1edbi.<\/p>\n<p style=\"text-align: justify;\">V\u1edbi t\u1ea7m nh\u00ecn to\u00e0n c\u1ea7u, ch\u00fang t\u00f4i kh\u00f4ng ng\u1eebng t\u1ea1o ra nh\u1eefng gi\u00e1 tr\u1ecb m\u1edbi: \u0111\u01b0a c\u00e1c s\u1ea3n ph\u1ea9m \u01b0u vi\u1ec7t t\u1eeb kh\u1eafp n\u01a1i tr\u00ean th\u1ebf gi\u1edbi \u0111\u1ebfn Nh\u1eadt B\u1ea3n, v\u00e0 lan t\u1ecfa nh\u1eefng n\u00e9t \u0111\u1eb9p c\u1ee7a Nh\u1eadt B\u1ea3n ra th\u1ecb tr\u01b0\u1eddng qu\u1ed1c t\u1ebf. Ch\u00fang t\u00f4i lu\u00f4n s\u1eb5n s\u00e0ng th\u1eed th\u00e1ch, \u0111\u1ed5i m\u1edbi v\u00e0 h\u01b0\u1edbng \u0111\u1ebfn tr\u1edf th\u00e0nh m\u1ed9t doanh nghi\u1ec7p th\u01b0\u01a1ng m\u1ea1i ti\u00ean phong c\u1ee7a th\u1eddi \u0111\u1ea1i.<\/p>\n<p style=\"text-align: justify;\">\u0110\u1ed3ng h\u00e0nh c\u00f9ng th\u1ebf gi\u1edbi, ph\u00e1t tri\u1ec3n c\u00f9ng c\u1ed9ng \u0111\u1ed3ng \u0111\u1ecba ph\u01b0\u01a1ng. Ch\u00fang t\u00f4i tr\u00e2n tr\u1ecdng s\u1ef1 h\u00e0i h\u00f2a gi\u1eefa m\u00f4i tr\u01b0\u1eddng \u2013 x\u00e3 h\u1ed9i \u2013 kinh t\u1ebf, v\u00e0 theo \u0111u\u1ed5i m\u00f4 h\u00ecnh kinh doanh th\u01b0\u01a1ng m\u1ea1i b\u1ec1n v\u1eefng.<\/p>\n<p style=\"text-align: justify;\">B\u1eb1ng vi\u1ec7c k\u1ebft n\u1ed1i con ng\u01b0\u1eddi v\u1edbi con ng\u01b0\u1eddi, doanh nghi\u1ec7p v\u1edbi doanh nghi\u1ec7p, ch\u00fang t\u00f4i mong mu\u1ed1n g\u00f3p ph\u1ea7n x\u00e2y d\u1ef1ng m\u1ed9t x\u00e3 h\u1ed9i th\u1ecbnh v\u01b0\u1ee3ng v\u00e0 gi\u00e0u gi\u00e1 tr\u1ecb.<\/p>\n\t\t\t<\/div>\n\t\n<h4>FUJIYAMA CO., LTD<\/h4>\n\t<div class=\"ux-menu stack stack-col justify-start vs-home-about-nav ux-menu--divider-solid\">\n\t\t\n\t<div class=\"ux-menu-link flex menu-item\">\n\t\t<a class=\"ux-menu-link__link flex\" href=\"https:\/\/fujiyamajp.com\/vi\/\" >\n\t\t\t\t\t\t<span class=\"ux-menu-link__text\">\n\t\t\t\tTrang ch\u1ee7\t\t\t<\/span>\n\t\t<\/a>\n\t<\/div>\n\t\n\t<div class=\"ux-menu-link flex menu-item\">\n\t\t<a class=\"ux-menu-link__link flex\" href=\"https:\/\/fujiyamajp.com\/vi\/gioi-thieu\/\" >\n\t\t\t\t\t\t<span class=\"ux-menu-link__text\">\n\t\t\t\tGi\u1edbi thi\u1ec7u\t\t\t<\/span>\n\t\t<\/a>\n\t<\/div>\n\t\n\t<div class=\"ux-menu-link flex menu-item\">\n\t\t<a class=\"ux-menu-link__link flex\" href=\"https:\/\/fujiyamajp.com\/vi\/lien-he\/\" >\n\t\t\t\t\t\t<span class=\"ux-menu-link__text\">\n\t\t\t\tLi\u00ean h\u1ec7\t\t\t<\/span>\n\t\t<\/a>\n\t<\/div>\n\t\n\t<\/div>\n\t\n<a href=\"\/chuyen-muc\/dich-vu-2\/\" class=\"button primary is-outline lowercase vs-home-about-btn\"  >\n    <span>D\u1ecbch v\u1ee5 c\u1ee7a FUJIYAMA<\/span>\n  <\/a>\n\n\t\t<\/div>\n\t\t\t\t\n<style>\n#col-1320145722 > .col-inner {\n  padding: 30px 0px 0px 0px;\n}\n@media (min-width:550px) {\n  #col-1320145722 > .col-inner {\n    padding: 0px 0px 0px 0px;\n  }\n}\n<\/style>\n\t<\/div>\n\n\t\n<\/div>\n\t\t<\/div>\n\n\t\t\n<style>\n#section_347771515 {\n  padding-top: 0px;\n  padding-bottom: 0px;\n  background-color: rgb(255, 255, 255);\n}\n<\/style>\n\t<\/section>\n\t\n\n\t<section class=\"section\" id=\"section_1039506819\">\n\t\t<div class=\"bg section-bg fill bg-fill bg-loaded bg-loaded\" >\n\n\t\t\t\n\t\t\t\n\t\t\t\n\n\t\t<\/div>\n\n\t\t\n\n\t\t<div class=\"section-content relative\">\n\t\t\t\n<div class=\"row\"  id=\"row-1459942566\">\n\n\t<div id=\"col-1242724900\" class=\"col medium-5 small-12 large-5\"  >\n\t\t\t\t<div class=\"col-inner\"  >\n\t\t\t\n\t\t\t\n\t<div id=\"text-2418218243\" class=\"text vs-home-service-title\">\n\t\t\n<h3>D\u1ecaCH V\u1ee4 C\u1ee6A CH\u00daNG T\u00d4I<\/h3>\n\t\t\t<\/div>\n\t\n\t\t<\/div>\n\t\t\t\t\t<\/div>\n\n\t\n<\/div>\n<div class=\"row\"  id=\"row-1498501081\">\n\n\t<div id=\"col-667906816\" class=\"col small-12 large-12\"  >\n\t\t\t\t<div class=\"col-inner\"  >\n\t\t\t\n\t\t\t\n\n  \n    <div class=\"row vs-home-service-grid large-columns-1 medium-columns-1 small-columns-1\" >\n  <div class=\"col post-item\" data-animate=\"fadeInLeft\">\n\t\t\t<div class=\"col-inner\">\n\t\t\t\t<div class=\"box box-normal box-text-bottom box-blog-post has-hover\">\n            \t\t\t\t\t<div class=\"box-image\" >\n  \t\t\t\t\t\t<div class=\"image-zoom image-cover\" style=\"padding-top:56.25%;\">\n\t\t\t\t\t\t\t<a href=\"https:\/\/fujiyamajp.com\/vi\/phu-kien-billiards\/\" class=\"plain\" aria-label=\"Ph\u1ee5 ki\u1ec7n Billiards\">\n\t\t\t\t\t\t\t\t<img loading=\"lazy\" decoding=\"async\" width=\"768\" height=\"718\" src=\"https:\/\/fujiyamajp.com\/wp-content\/uploads\/2025\/11\/545846526_784122104343165_6855566779695778956_n-768x718.jpg\" class=\"attachment-medium_large size-medium_large wp-post-image\" alt=\"\" srcset=\"https:\/\/fujiyamajp.com\/wp-content\/uploads\/2025\/11\/545846526_784122104343165_6855566779695778956_n-768x718.jpg 768w, https:\/\/fujiyamajp.com\/wp-content\/uploads\/2025\/11\/545846526_784122104343165_6855566779695778956_n-300x281.jpg 300w, https:\/\/fujiyamajp.com\/wp-content\/uploads\/2025\/11\/545846526_784122104343165_6855566779695778956_n-1024x958.jpg 1024w, https:\/\/fujiyamajp.com\/wp-content\/uploads\/2025\/11\/545846526_784122104343165_6855566779695778956_n.jpg 1194w\" sizes=\"auto, (max-width: 768px) 100vw, 768px\" \/>\t\t\t\t\t\t\t<\/a>\n  \t\t\t\t\t\t\t  \t\t\t\t\t\t\t  \t\t\t\t\t\t<\/div>\n  \t\t\t\t\t\t  \t\t\t\t\t<\/div>\n          \t\t\t\t\t<div class=\"box-text text-center\" >\n\t\t\t\t\t<div class=\"box-text-inner blog-post-inner\">\n\n\t\t\t\t\t\n\t\t\t\t\t\t\t\t\t\t\t<p class=\"cat-label  is-xxsmall op-7 uppercase\">\n\t\t\t\t\tD\u1ecbch v\u1ee5 \t\t\t\t\t<\/p>\n\t\t\t\t\t\t\t\t\t\t<h5 class=\"post-title is-large \">\n\t\t\t\t\t\t<a href=\"https:\/\/fujiyamajp.com\/vi\/phu-kien-billiards\/\" class=\"plain\">Ph\u1ee5 ki\u1ec7n Billiards<\/a>\n\t\t\t\t\t<\/h5>\n\t\t\t\t\t\t\t\t\t\t<div class=\"is-divider\"><\/div>\n\t\t\t\t\t                    \n\t\t\t\t\t\t\t\t\t\t\t<a href=\"https:\/\/fujiyamajp.com\/vi\/phu-kien-billiards\/\" class=\"button  is-outline is-small mb-0\">\n\t\t\t\t\t\t\tXem th\u00eam\t\t\t\t\t\t<\/a>\n\t\t\t\t\t\n\t\t\t\t\t\n\t\t\t\t\t<\/div>\n\t\t\t\t\t<\/div>\n\t\t\t\t\t\t\t\t\t<\/div>\n\t\t\t<\/div>\n\t\t<\/div><div class=\"col post-item\" data-animate=\"fadeInLeft\">\n\t\t\t<div class=\"col-inner\">\n\t\t\t\t<div class=\"box box-normal box-text-bottom box-blog-post has-hover\">\n            \t\t\t\t\t<div class=\"box-image\" >\n  \t\t\t\t\t\t<div class=\"image-zoom image-cover\" style=\"padding-top:56.25%;\">\n\t\t\t\t\t\t\t<a href=\"https:\/\/fujiyamajp.com\/vi\/phat-trien-len-ke-hoach-san-pham-moi\/\" class=\"plain\" aria-label=\"Ph\u00e1t tri\u1ec3n &#038; L\u00ean k\u1ebf ho\u1ea1ch s\u1ea3n ph\u1ea9m m\u1edbi\">\n\t\t\t\t\t\t\t\t<img loading=\"lazy\" decoding=\"async\" width=\"768\" height=\"405\" src=\"https:\/\/fujiyamajp.com\/wp-content\/uploads\/2025\/11\/shutterstock_1777062728-scaled-1024x540-1-768x405.jpg\" class=\"attachment-medium_large size-medium_large wp-post-image\" alt=\"\" srcset=\"https:\/\/fujiyamajp.com\/wp-content\/uploads\/2025\/11\/shutterstock_1777062728-scaled-1024x540-1-768x405.jpg 768w, https:\/\/fujiyamajp.com\/wp-content\/uploads\/2025\/11\/shutterstock_1777062728-scaled-1024x540-1-300x158.jpg 300w, https:\/\/fujiyamajp.com\/wp-content\/uploads\/2025\/11\/shutterstock_1777062728-scaled-1024x540-1.jpg 1024w\" sizes=\"auto, (max-width: 768px) 100vw, 768px\" \/>\t\t\t\t\t\t\t<\/a>\n  \t\t\t\t\t\t\t  \t\t\t\t\t\t\t  \t\t\t\t\t\t<\/div>\n  \t\t\t\t\t\t  \t\t\t\t\t<\/div>\n          \t\t\t\t\t<div class=\"box-text text-center\" >\n\t\t\t\t\t<div class=\"box-text-inner blog-post-inner\">\n\n\t\t\t\t\t\n\t\t\t\t\t\t\t\t\t\t\t<p class=\"cat-label  is-xxsmall op-7 uppercase\">\n\t\t\t\t\tD\u1ecbch v\u1ee5 \t\t\t\t\t<\/p>\n\t\t\t\t\t\t\t\t\t\t<h5 class=\"post-title is-large \">\n\t\t\t\t\t\t<a href=\"https:\/\/fujiyamajp.com\/vi\/phat-trien-len-ke-hoach-san-pham-moi\/\" class=\"plain\">Ph\u00e1t tri\u1ec3n &#038; L\u00ean k\u1ebf ho\u1ea1ch s\u1ea3n ph\u1ea9m m\u1edbi<\/a>\n\t\t\t\t\t<\/h5>\n\t\t\t\t\t\t\t\t\t\t<div class=\"is-divider\"><\/div>\n\t\t\t\t\t                    \n\t\t\t\t\t\t\t\t\t\t\t<a href=\"https:\/\/fujiyamajp.com\/vi\/phat-trien-len-ke-hoach-san-pham-moi\/\" class=\"button  is-outline is-small mb-0\">\n\t\t\t\t\t\t\tXem th\u00eam\t\t\t\t\t\t<\/a>\n\t\t\t\t\t\n\t\t\t\t\t\n\t\t\t\t\t<\/div>\n\t\t\t\t\t<\/div>\n\t\t\t\t\t\t\t\t\t<\/div>\n\t\t\t<\/div>\n\t\t<\/div><div class=\"col post-item\" data-animate=\"fadeInLeft\">\n\t\t\t<div class=\"col-inner\">\n\t\t\t\t<div class=\"box box-normal box-text-bottom box-blog-post has-hover\">\n            \t\t\t\t\t<div class=\"box-image\" >\n  \t\t\t\t\t\t<div class=\"image-zoom image-cover\" style=\"padding-top:56.25%;\">\n\t\t\t\t\t\t\t<a href=\"https:\/\/fujiyamajp.com\/vi\/ban-san-pham-nhap-khau\/\" class=\"plain\" aria-label=\"B\u00e1n S\u1ea3n Ph\u1ea9m Nh\u1eadp Kh\u1ea9u\">\n\t\t\t\t\t\t\t\t<img loading=\"lazy\" decoding=\"async\" width=\"640\" height=\"427\" src=\"https:\/\/fujiyamajp.com\/wp-content\/uploads\/2025\/11\/CONG-TY-CP-THUONG-MAI-XAY-DUNG-TECCO.png\" class=\"attachment-medium_large size-medium_large wp-post-image\" alt=\"\" srcset=\"https:\/\/fujiyamajp.com\/wp-content\/uploads\/2025\/11\/CONG-TY-CP-THUONG-MAI-XAY-DUNG-TECCO.png 640w, https:\/\/fujiyamajp.com\/wp-content\/uploads\/2025\/11\/CONG-TY-CP-THUONG-MAI-XAY-DUNG-TECCO-300x200.png 300w\" sizes=\"auto, (max-width: 640px) 100vw, 640px\" \/>\t\t\t\t\t\t\t<\/a>\n  \t\t\t\t\t\t\t  \t\t\t\t\t\t\t  \t\t\t\t\t\t<\/div>\n  \t\t\t\t\t\t  \t\t\t\t\t<\/div>\n          \t\t\t\t\t<div class=\"box-text text-center\" >\n\t\t\t\t\t<div class=\"box-text-inner blog-post-inner\">\n\n\t\t\t\t\t\n\t\t\t\t\t\t\t\t\t\t\t<p class=\"cat-label  is-xxsmall op-7 uppercase\">\n\t\t\t\t\tD\u1ecbch v\u1ee5 \t\t\t\t\t<\/p>\n\t\t\t\t\t\t\t\t\t\t<h5 class=\"post-title is-large \">\n\t\t\t\t\t\t<a href=\"https:\/\/fujiyamajp.com\/vi\/ban-san-pham-nhap-khau\/\" class=\"plain\">B\u00e1n S\u1ea3n Ph\u1ea9m Nh\u1eadp Kh\u1ea9u<\/a>\n\t\t\t\t\t<\/h5>\n\t\t\t\t\t\t\t\t\t\t<div class=\"is-divider\"><\/div>\n\t\t\t\t\t                    \n\t\t\t\t\t\t\t\t\t\t\t<a href=\"https:\/\/fujiyamajp.com\/vi\/ban-san-pham-nhap-khau\/\" class=\"button  is-outline is-small mb-0\">\n\t\t\t\t\t\t\tXem th\u00eam\t\t\t\t\t\t<\/a>\n\t\t\t\t\t\n\t\t\t\t\t\n\t\t\t\t\t<\/div>\n\t\t\t\t\t<\/div>\n\t\t\t\t\t\t\t\t\t<\/div>\n\t\t\t<\/div>\n\t\t<\/div><div class=\"col post-item\" data-animate=\"fadeInLeft\">\n\t\t\t<div class=\"col-inner\">\n\t\t\t\t<div class=\"box box-normal box-text-bottom box-blog-post has-hover\">\n            \t\t\t\t\t<div class=\"box-image\" >\n  \t\t\t\t\t\t<div class=\"image-zoom image-cover\" style=\"padding-top:56.25%;\">\n\t\t\t\t\t\t\t<a href=\"https:\/\/fujiyamajp.com\/vi\/ban-thuc-pham-san-xuat-trong-nuoc\/\" class=\"plain\" aria-label=\"B\u00e1n Th\u1ef1c Ph\u1ea9m S\u1ea3n Xu\u1ea5t Trong N\u01b0\u1edbc\">\n\t\t\t\t\t\t\t\t<img loading=\"lazy\" decoding=\"async\" width=\"700\" height=\"466\" src=\"https:\/\/fujiyamajp.com\/wp-content\/uploads\/2025\/12\/z7280259030184_739106fe2fb336c30c27dffd008a6ab6.jpg\" class=\"attachment-medium_large size-medium_large wp-post-image\" alt=\"\" srcset=\"https:\/\/fujiyamajp.com\/wp-content\/uploads\/2025\/12\/z7280259030184_739106fe2fb336c30c27dffd008a6ab6.jpg 700w, https:\/\/fujiyamajp.com\/wp-content\/uploads\/2025\/12\/z7280259030184_739106fe2fb336c30c27dffd008a6ab6-300x200.jpg 300w\" sizes=\"auto, (max-width: 700px) 100vw, 700px\" \/>\t\t\t\t\t\t\t<\/a>\n  \t\t\t\t\t\t\t  \t\t\t\t\t\t\t  \t\t\t\t\t\t<\/div>\n  \t\t\t\t\t\t  \t\t\t\t\t<\/div>\n          \t\t\t\t\t<div class=\"box-text text-center\" >\n\t\t\t\t\t<div class=\"box-text-inner blog-post-inner\">\n\n\t\t\t\t\t\n\t\t\t\t\t\t\t\t\t\t\t<p class=\"cat-label  is-xxsmall op-7 uppercase\">\n\t\t\t\t\tD\u1ecbch v\u1ee5 \t\t\t\t\t<\/p>\n\t\t\t\t\t\t\t\t\t\t<h5 class=\"post-title is-large \">\n\t\t\t\t\t\t<a href=\"https:\/\/fujiyamajp.com\/vi\/ban-thuc-pham-san-xuat-trong-nuoc\/\" class=\"plain\">B\u00e1n Th\u1ef1c Ph\u1ea9m S\u1ea3n Xu\u1ea5t Trong N\u01b0\u1edbc<\/a>\n\t\t\t\t\t<\/h5>\n\t\t\t\t\t\t\t\t\t\t<div class=\"is-divider\"><\/div>\n\t\t\t\t\t                    \n\t\t\t\t\t\t\t\t\t\t\t<a href=\"https:\/\/fujiyamajp.com\/vi\/ban-thuc-pham-san-xuat-trong-nuoc\/\" class=\"button  is-outline is-small mb-0\">\n\t\t\t\t\t\t\tXem th\u00eam\t\t\t\t\t\t<\/a>\n\t\t\t\t\t\n\t\t\t\t\t\n\t\t\t\t\t<\/div>\n\t\t\t\t\t<\/div>\n\t\t\t\t\t\t\t\t\t<\/div>\n\t\t\t<\/div>\n\t\t<\/div><\/div>\n<div class=\"row vs-home-project-btn\"  id=\"row-2103684743\">\n\n\t<div id=\"col-764587400\" class=\"col small-12 large-12\"  >\n\t\t\t\t<div class=\"col-inner text-center\"  >\n\t\t\t\n\t\t\t\n<a href=\"\/chuyen-muc\/dich-vu-2\/\" class=\"button primary is-outline lowercase\"  >\n    <span>Xem t\u1ea5t c\u1ea3 c\u00e1c d\u1ecbch v\u1ee5<\/span>\n  <\/a>\n\n\t\t<\/div>\n\t\t\t\t\t<\/div>\n\n\t\n<\/div>\n\n\t\t<\/div>\n\t\t\t\t\t<\/div>\n\n\t\n<\/div>\n\t\t<\/div>\n\n\t\t\n<style>\n#section_1039506819 {\n  padding-top: 30px;\n  padding-bottom: 30px;\n  background-color: rgb(255,255,255);\n}\n<\/style>\n\t<\/section>\n\t\n","protected":false},"excerpt":{"rendered":"","protected":false},"author":1,"featured_media":0,"parent":0,"menu_order":0,"comment_status":"closed","ping_status":"closed","template":"page-blank.php","meta":{"footnotes":""},"class_list":["post-7","page","type-page","status-publish","hentry"],"_links":{"self":[{"href":"https:\/\/fujiyamajp.com\/vi\/wp-json\/wp\/v2\/pages\/7","targetHints":{"allow":["GET"]}}],"collection":[{"href":"https:\/\/fujiyamajp.com\/vi\/wp-json\/wp\/v2\/pages"}],"about":[{"href":"https:\/\/fujiyamajp.com\/vi\/wp-json\/wp\/v2\/types\/page"}],"author":[{"embeddable":true,"href":"https:\/\/fujiyamajp.com\/vi\/wp-json\/wp\/v2\/users\/1"}],"replies":[{"embeddable":true,"href":"https:\/\/fujiyamajp.com\/vi\/wp-json\/wp\/v2\/comments?post=7"}],"version-history":[{"count":94,"href":"https:\/\/fujiyamajp.com\/vi\/wp-json\/wp\/v2\/pages\/7\/revisions"}],"predecessor-version":[{"id":781,"href":"https:\/\/fujiyamajp.com\/vi\/wp-json\/wp\/v2\/pages\/7\/revisions\/781"}],"wp:attachment":[{"href":"https:\/\/fujiyamajp.com\/vi\/wp-json\/wp\/v2\/media?parent=7"}],"curies":[{"name":"wp","href":"https:\/\/api.w.org\/{rel}","templated":true}]}}