{"id":13,"date":"2024-03-18T08:30:29","date_gmt":"2024-03-18T08:30:29","guid":{"rendered":"https:\/\/fujiyamajp.com\/?page_id=13"},"modified":"2026-02-02T10:59:18","modified_gmt":"2026-02-02T03:59:18","slug":"lien-he","status":"publish","type":"page","link":"https:\/\/fujiyamajp.com\/vi\/lien-he\/","title":{"rendered":"Li\u00ean h\u1ec7"},"content":{"rendered":"\t<section class=\"section\" id=\"section_124553680\">\n\t\t<div class=\"bg section-bg fill bg-fill bg-loaded bg-loaded\" >\n\n\t\t\t\n\t\t\t\n\t\t\t\n\n\t\t<\/div>\n\n\t\t\n\n\t\t<div class=\"section-content relative\">\n\t\t\t\n<div class=\"row align-center\"  id=\"row-431425022\">\n\n\t<div id=\"col-1512768968\" class=\"col medium-3 small-12 large-3\"  >\n\t\t\t\t<div class=\"col-inner\"  >\n\t\t\t\n\t\t\t\n\t<div class=\"img has-hover x md-x lg-x y md-y lg-y\" id=\"image_1015902677\">\n\t\t\t\t\t\t\t\t<div class=\"img-inner dark\" >\n\t\t\t<img loading=\"lazy\" decoding=\"async\" width=\"500\" height=\"212\" src=\"https:\/\/fujiyamajp.com\/wp-content\/uploads\/2025\/12\/logo-1-e1765508752483.png\" class=\"attachment-original size-original\" alt=\"\" srcset=\"https:\/\/fujiyamajp.com\/wp-content\/uploads\/2025\/12\/logo-1-e1765508752483.png 500w, https:\/\/fujiyamajp.com\/wp-content\/uploads\/2025\/12\/logo-1-e1765508752483-300x127.png 300w\" sizes=\"auto, (max-width: 500px) 100vw, 500px\" \/>\t\t\t\t\t\t\n\t\t\t\t\t<\/div>\n\t\t\t\t\t\t\t\t\n<style>\n#image_1015902677 {\n  width: 100%;\n}\n<\/style>\n\t<\/div>\n\t\n\t\t<\/div>\n\t\t\t\t\n<style>\n#col-1512768968 > .col-inner {\n  margin: 0px 0px -20px 0px;\n}\n<\/style>\n\t<\/div>\n\n\t\n<\/div>\n\t<div id=\"text-3148172131\" class=\"text vs-contact-info\">\n\t\t\n<p><span style=\"font-size: 110%;\">N\u1ebfu Qu\u00fd kh\u00e1ch c\u00f3 b\u1ea5t k\u1ef3 c\u00e2u h\u1ecfi, y\u00eau c\u1ea7u b\u00e1o gi\u00e1 ho\u1eb7c c\u1ea7n trao \u0111\u1ed5i li\u00ean quan \u0111\u1ebfn giao d\u1ecbch, vui l\u00f2ng li\u00ean h\u1ec7 v\u1edbi ch\u00fang t\u00f4i qua bi\u1ec3u m\u1eabu b\u00ean d\u01b0\u1edbi. Nh\u00e2n vi\u00ean ph\u1ee5 tr\u00e1ch s\u1ebd ph\u1ea3n h\u1ed3i nhanh ch\u00f3ng.<\/span><\/p>\n\t\t\t<\/div>\n\t\n\n<div class=\"row\"  id=\"row-406488809\">\n\n\t<div id=\"col-760602830\" class=\"col medium-5 small-12 large-5\"  >\n\t\t\t\t<div class=\"col-inner\"  >\n\t\t\t\n\t\t\t\n\t<div id=\"text-1005712615\" class=\"text vs-contact-form\">\n\t\t\n<h3><strong>Li\u00ean h\u1ec7 v\u1edbi ch\u00fang t\u00f4i<\/strong><\/h3>\n\n<div class=\"wpcf7 no-js\" id=\"wpcf7-f249-o1\" lang=\"vi\" dir=\"ltr\">\n<div class=\"screen-reader-response\"><p role=\"status\" aria-live=\"polite\" aria-atomic=\"true\"><\/p> <ul><\/ul><\/div>\n<form action=\"\/vi\/wp-json\/wp\/v2\/pages\/13#wpcf7-f249-o1\" method=\"post\" class=\"wpcf7-form init\" aria-label=\"Form li\u00ean h\u1ec7\" novalidate=\"novalidate\" data-status=\"init\">\n<div style=\"display: none;\">\n<input type=\"hidden\" name=\"_wpcf7\" value=\"249\" \/>\n<input type=\"hidden\" name=\"_wpcf7_version\" value=\"5.9.8\" \/>\n<input type=\"hidden\" name=\"_wpcf7_locale\" value=\"vi\" \/>\n<input type=\"hidden\" name=\"_wpcf7_unit_tag\" value=\"wpcf7-f249-o1\" \/>\n<input type=\"hidden\" name=\"_wpcf7_container_post\" value=\"0\" \/>\n<input type=\"hidden\" name=\"_wpcf7_posted_data_hash\" value=\"\" \/>\n<\/div>\n<div style=\"display: none\"><p><span class=\"wpcf7-form-control-wrap\" data-name=\"mbws\"><input size=\"40\" class=\"wpcf7-form-control wpcf7-text\" aria-invalid=\"false\" value=\"\" type=\"text\" name=\"mbws\"><\/span><\/p><\/div><p><label><br \/>\n<span class=\"wpcf7-form-control-wrap\" data-name=\"your-name\"><input size=\"40\" maxlength=\"400\" class=\"wpcf7-form-control wpcf7-text wpcf7-validates-as-required\" aria-required=\"true\" aria-invalid=\"false\" placeholder=\"H\u1ecd t\u00ean\" value=\"\" type=\"text\" name=\"your-name\" \/><\/span> <\/label>\n<\/p>\n<p><label><br \/>\n<span class=\"wpcf7-form-control-wrap\" data-name=\"your-email\"><input size=\"40\" maxlength=\"400\" class=\"wpcf7-form-control wpcf7-email wpcf7-validates-as-required wpcf7-text wpcf7-validates-as-email\" autocomplete=\"email\" aria-required=\"true\" aria-invalid=\"false\" placeholder=\"Email\" value=\"\" type=\"email\" name=\"your-email\" \/><\/span> <\/label>\n<\/p>\n<p><label><br \/>\n<span class=\"wpcf7-form-control-wrap\" data-name=\"your-subject\"><input size=\"40\" maxlength=\"400\" class=\"wpcf7-form-control wpcf7-text wpcf7-validates-as-required\" aria-required=\"true\" aria-invalid=\"false\" placeholder=\"Ti\u00eau \u0111\u1ec1\" value=\"\" type=\"text\" name=\"your-subject\" \/><\/span> <\/label>\n<\/p>\n<p><label><br \/>\n<span class=\"wpcf7-form-control-wrap\" data-name=\"your-message\"><textarea cols=\"40\" rows=\"10\" maxlength=\"2000\" class=\"wpcf7-form-control wpcf7-textarea\" aria-invalid=\"false\" placeholder=\"N\u1ed9i dung\" name=\"your-message\"><\/textarea><\/span> <\/label>\n<\/p>\n<p><input class=\"wpcf7-form-control wpcf7-submit has-spinner\" type=\"submit\" value=\"G\u1eedi\" \/>\n<\/p><div class=\"wpcf7-response-output\" aria-hidden=\"true\"><\/div>\n<\/form>\n<\/div>\n\n\t\t\t<\/div>\n\t\n\t\t<\/div>\n\t\t\t\t\t<\/div>\n\n\t\n\n\t<div id=\"col-1567878376\" class=\"col medium-7 small-12 large-7\"  >\n\t\t\t\t<div class=\"col-inner\"  >\n\t\t\t\n\t\t\t\n\t<div id=\"text-1026429806\" class=\"text vs-contact-info\">\n\t\t\n<h3><span style=\"font-size: 110%;\">Th\u00f4ng tin li\u00ean h\u1ec7<\/span><\/h3>\n<p><span style=\"font-size: 110%;\">\u0110\u1ecba ch\u1ec9: \u3012511-0834 \u4e09\u91cd\u770c\u6851\u540d\u5e02\u5927\u5b57\u5927\u798f326<\/span><\/p>\n<p><span style=\"font-size: 110%;\">S\u1ed1 \u0111i\u1ec7n tho\u1ea1i:<span style=\"color: #000000;\"> <a style=\"color: #000000;\" href=\"tel:0594876878\">0594-87-6878<\/a><\/span><\/span><\/p>\n<p><span style=\"font-size: 110%;\">Ema<span style=\"color: #000000;\">il:<a style=\"color: #000000;\" href=\"mailto:mie@fujiyamajp.com\"> mie@fujiyamajp.com<\/a><\/span><\/span><\/p>\n\t\t\t<\/div>\n\t\n\t\t<\/div>\n\t\t\t\t\n<style>\n#col-1567878376 > .col-inner {\n  margin: 0px 0px 0px 10px;\n}\n<\/style>\n\t<\/div>\n\n\t\n<\/div>\n\t\t<\/div>\n\n\t\t\n<style>\n#section_124553680 {\n  padding-top: 30px;\n  padding-bottom: 30px;\n}\n<\/style>\n\t<\/section>\n\t\n","protected":false},"excerpt":{"rendered":"","protected":false},"author":1,"featured_media":0,"parent":0,"menu_order":0,"comment_status":"closed","ping_status":"closed","template":"","meta":{"footnotes":""},"class_list":["post-13","page","type-page","status-publish","hentry"],"_links":{"self":[{"href":"https:\/\/fujiyamajp.com\/vi\/wp-json\/wp\/v2\/pages\/13","targetHints":{"allow":["GET"]}}],"collection":[{"href":"https:\/\/fujiyamajp.com\/vi\/wp-json\/wp\/v2\/pages"}],"about":[{"href":"https:\/\/fujiyamajp.com\/vi\/wp-json\/wp\/v2\/types\/page"}],"author":[{"embeddable":true,"href":"https:\/\/fujiyamajp.com\/vi\/wp-json\/wp\/v2\/users\/1"}],"replies":[{"embeddable":true,"href":"https:\/\/fujiyamajp.com\/vi\/wp-json\/wp\/v2\/comments?post=13"}],"version-history":[{"count":15,"href":"https:\/\/fujiyamajp.com\/vi\/wp-json\/wp\/v2\/pages\/13\/revisions"}],"predecessor-version":[{"id":795,"href":"https:\/\/fujiyamajp.com\/vi\/wp-json\/wp\/v2\/pages\/13\/revisions\/795"}],"wp:attachment":[{"href":"https:\/\/fujiyamajp.com\/vi\/wp-json\/wp\/v2\/media?parent=13"}],"curies":[{"name":"wp","href":"https:\/\/api.w.org\/{rel}","templated":true}]}}