{"id":11,"date":"2024-03-18T08:30:35","date_gmt":"2024-03-18T08:30:35","guid":{"rendered":"https:\/\/fujiyamajp.com\/?page_id=11"},"modified":"2025-12-22T13:53:11","modified_gmt":"2025-12-22T06:53:11","slug":"san-pham","status":"publish","type":"page","link":"https:\/\/fujiyamajp.com\/vi\/san-pham\/","title":{"rendered":"S\u1ea3n ph\u1ea9m"},"content":{"rendered":"\t<section class=\"section\" id=\"section_699642839\">\n\t\t<div class=\"bg section-bg fill bg-fill bg-loaded bg-loaded\" >\n\n\t\t\t\n\t\t\t\n\t\t\t\n\n\t\t<\/div>\n\n\t\t\n\n\t\t<div class=\"section-content relative\">\n\t\t\t\n\t<div id=\"text-899180539\" class=\"text\">\n\t\t\n<h1><span style=\"font-size: 110%;\"><strong>S\u1ea3n ph\u1ea9m kinh doanh<\/strong><\/span><\/h1>\n\t\t\n<style>\n#text-899180539 {\n  font-size: 1.1rem;\n}\n<\/style>\n\t<\/div>\n\t\n\t<div id=\"text-4132911847\" class=\"text vs-service-info\">\n\t\t\n<p style=\"text-align: justify;\"><span style=\"font-size: 110%;\">Ch\u00fang t\u00f4i x\u00e2y d\u1ef1ng m\u1ed1i quan h\u1ec7 tin c\u1eady v\u1edbi c\u00e1c doanh nghi\u1ec7p v\u00e0 kh\u00e1ch h\u00e0ng th\u00f4ng qua ho\u1ea1t \u0111\u1ed9ng ph\u00e2n ph\u1ed1i h\u00e0ng h\u00f3a trong n\u01b0\u1edbc v\u00e0 qu\u1ed1c t\u1ebf, nh\u1eadp kh\u1ea9u v\u00e0 ph\u00e1t tri\u1ec3n s\u1ea3n ph\u1ea9m m\u1edbi, mang \u0111\u1ebfn gi\u00e1 tr\u1ecb an to\u00e0n v\u00e0 ch\u1ea5t l\u01b0\u1ee3ng cao.<\/span><br \/><span style=\"font-size: 110%;\">Ch\u00fang t\u00f4i c\u0169ng th\u1ef1c hi\u1ec7n vi\u1ec7c l\u00ean \u00fd t\u01b0\u1edfng v\u00e0 ph\u00e1t tri\u1ec3n s\u1ea3n ph\u1ea9m theo nhu c\u1ea7u th\u1ecb tr\u01b0\u1eddng, g\u00f3p ph\u1ea7n h\u01b0\u1edbng t\u1edbi m\u1ed9t x\u00e3 h\u1ed9i b\u1ec1n v\u1eefng v\u00e0 t\u01b0\u01a1ng lai th\u1ecbnh v\u01b0\u1ee3ng.<\/span><\/p>\n\t\t\t<\/div>\n\t\n<div class=\"row\"  id=\"row-535793681\">\n\n\t<div id=\"col-234113944\" class=\"col medium-3 small-6 large-3\"  >\n\t\t\t\t<div class=\"col-inner\"  >\n\t\t\t\n\t\t\t\n\n  <div class=\"banner has-hover vs-service-box bg-zoom-long\" id=\"banner-779150916\">\n          <div class=\"banner-inner fill\">\n        <div class=\"banner-bg fill\" >\n            <div class=\"bg fill bg-fill bg-loaded\"><\/div>\n                                    \n                    <\/div>\n\t\t\n        <div class=\"banner-layers container\">\n            <div class=\"fill banner-link\"><\/div>            \n   <div id=\"text-box-1408619845\" class=\"text-box banner-layer x50 md-x50 lg-x50 y95 md-y95 lg-y95 res-text\">\n                                <div class=\"text-box-content text dark\">\n              \n              <div class=\"text-inner text-center\">\n                  \n              <\/div>\n           <\/div>\n                            \n<style>\n#text-box-1408619845 {\n  width: 60%;\n}\n#text-box-1408619845 .text-box-content {\n  font-size: 100%;\n}\n<\/style>\n    <\/div>\n \n        <\/div>\n      <\/div>\n\n            \n<style>\n#banner-779150916 {\n  padding-top: 65%;\n}\n#banner-779150916 .bg.bg-loaded {\n  background-image: url(https:\/\/fujiyamajp.com\/wp-content\/uploads\/2025\/12\/87cef4_d56590c3894646fcb96f959218cd88efmv2.avif);\n}\n<\/style>\n  <\/div>\n\n\n\t<div id=\"gap-1249274034\" class=\"gap-element clearfix\" style=\"display:block; height:auto;\">\n\t\t\n<style>\n#gap-1249274034 {\n  padding-top: 15px;\n}\n<\/style>\n\t<\/div>\n\t\n\t<div id=\"text-1927474612\" class=\"text\">\n\t\t\n<h3 class=\"uppercase\"><span style=\"font-size: 115%;\">Th\u1ecbt s\u1ea3n xu\u1ea5t trong n\u01b0\u1edbc<\/span><\/h3>\n\t\t\n<style>\n#text-1927474612 {\n  font-size: 0.95rem;\n  text-align: center;\n}\n<\/style>\n\t<\/div>\n\t\n\t\t<\/div>\n\t\t\t\t\t<\/div>\n\n\t\n\n\t<div id=\"col-905963758\" class=\"col medium-3 small-6 large-3\"  >\n\t\t\t\t<div class=\"col-inner\"  >\n\t\t\t\n\t\t\t\n\n  <div class=\"banner has-hover vs-service-box bg-zoom-long\" id=\"banner-768364374\">\n          <div class=\"banner-inner fill\">\n        <div class=\"banner-bg fill\" >\n            <div class=\"bg fill bg-fill bg-loaded\"><\/div>\n                                    \n                    <\/div>\n\t\t\n        <div class=\"banner-layers container\">\n            <div class=\"fill banner-link\"><\/div>            \n   <div id=\"text-box-1706860504\" class=\"text-box banner-layer x50 md-x50 lg-x50 y95 md-y95 lg-y95 res-text\">\n                                <div class=\"text-box-content text dark\">\n              \n              <div class=\"text-inner text-center\">\n                  \n              <\/div>\n           <\/div>\n                            \n<style>\n#text-box-1706860504 {\n  width: 60%;\n}\n#text-box-1706860504 .text-box-content {\n  font-size: 100%;\n}\n<\/style>\n    <\/div>\n \n        <\/div>\n      <\/div>\n\n            \n<style>\n#banner-768364374 {\n  padding-top: 65%;\n}\n#banner-768364374 .bg.bg-loaded {\n  background-image: url(https:\/\/fujiyamajp.com\/wp-content\/uploads\/2025\/12\/81IblcCZ43L._AC_SX679_PIbundle-12TopRight00_SH20_.jpg);\n}\n#banner-768364374 .bg {\n  background-position: 0% 0%;\n}\n<\/style>\n  <\/div>\n\n\n\t<div id=\"gap-1511050635\" class=\"gap-element clearfix\" style=\"display:block; height:auto;\">\n\t\t\n<style>\n#gap-1511050635 {\n  padding-top: 15px;\n}\n<\/style>\n\t<\/div>\n\t\n\t<div id=\"text-3601380226\" class=\"text\">\n\t\t\n<h3 class=\"uppercase\"><span style=\"font-size: 115%;\">M\u00ec ly<\/span><\/h3>\n\t\t\n<style>\n#text-3601380226 {\n  font-size: 0.95rem;\n  text-align: center;\n  color: rgb(0,0,0);\n}\n#text-3601380226 > * {\n  color: rgb(0,0,0);\n}\n<\/style>\n\t<\/div>\n\t\n\t\t<\/div>\n\t\t\t\t\t<\/div>\n\n\t\n\n\t<div id=\"col-457820040\" class=\"col medium-3 small-6 large-3\"  >\n\t\t\t\t<div class=\"col-inner\"  >\n\t\t\t\n\t\t\t\n\n  <div class=\"banner has-hover vs-service-box bg-zoom-long\" id=\"banner-1790629344\">\n          <div class=\"banner-inner fill\">\n        <div class=\"banner-bg fill\" >\n            <div class=\"bg fill bg-fill bg-loaded\"><\/div>\n                                    \n                    <\/div>\n\t\t\n        <div class=\"banner-layers container\">\n            <div class=\"fill banner-link\"><\/div>            \n   <div id=\"text-box-1703474876\" class=\"text-box banner-layer x50 md-x50 lg-x50 y95 md-y95 lg-y95 res-text\">\n                                <div class=\"text-box-content text dark\">\n              \n              <div class=\"text-inner text-center\">\n                  \n              <\/div>\n           <\/div>\n                            \n<style>\n#text-box-1703474876 {\n  width: 60%;\n}\n#text-box-1703474876 .text-box-content {\n  font-size: 100%;\n}\n<\/style>\n    <\/div>\n \n        <\/div>\n      <\/div>\n\n            \n<style>\n#banner-1790629344 {\n  padding-top: 65%;\n}\n#banner-1790629344 .bg.bg-loaded {\n  background-image: url(https:\/\/fujiyamajp.com\/wp-content\/uploads\/2025\/12\/z7280259030191_a7edf85e82c1e197a65d6c88a1874ae8.jpg);\n}\n#banner-1790629344 .bg {\n  background-position: 0% 0%;\n}\n<\/style>\n  <\/div>\n\n\n\t<div id=\"gap-657391246\" class=\"gap-element clearfix\" style=\"display:block; height:auto;\">\n\t\t\n<style>\n#gap-657391246 {\n  padding-top: 15px;\n}\n<\/style>\n\t<\/div>\n\t\n\t<div id=\"text-1910492476\" class=\"text\">\n\t\t\n<h3 class=\"uppercase\"><span style=\"font-size: 115%;\">Snack<\/span><\/h3>\n\t\t\n<style>\n#text-1910492476 {\n  font-size: 0.95rem;\n  text-align: center;\n}\n<\/style>\n\t<\/div>\n\t\n\t\t<\/div>\n\t\t\t\t\t<\/div>\n\n\t\n\n\t<div id=\"col-1600213549\" class=\"col medium-3 small-6 large-3\"  >\n\t\t\t\t<div class=\"col-inner\"  >\n\t\t\t\n\t\t\t\n\n  <div class=\"banner has-hover vs-service-box bg-zoom-long\" id=\"banner-323610243\">\n          <div class=\"banner-inner fill\">\n        <div class=\"banner-bg fill\" >\n            <div class=\"bg fill bg-fill bg-loaded\"><\/div>\n                                    \n                    <\/div>\n\t\t\n        <div class=\"banner-layers container\">\n            <div class=\"fill banner-link\"><\/div>            \n   <div id=\"text-box-367504306\" class=\"text-box banner-layer x50 md-x50 lg-x50 y95 md-y95 lg-y95 res-text\">\n                                <div class=\"text-box-content text dark\">\n              \n              <div class=\"text-inner text-center\">\n                  \n              <\/div>\n           <\/div>\n                            \n<style>\n#text-box-367504306 {\n  width: 60%;\n}\n#text-box-367504306 .text-box-content {\n  font-size: 100%;\n}\n<\/style>\n    <\/div>\n \n        <\/div>\n      <\/div>\n\n            \n<style>\n#banner-323610243 {\n  padding-top: 65%;\n}\n#banner-323610243 .bg.bg-loaded {\n  background-image: url(https:\/\/fujiyamajp.com\/wp-content\/uploads\/2025\/12\/z7280259030187_609b0eb6bd37f18ffe77d82dea75b751.jpg);\n}\n<\/style>\n  <\/div>\n\n\n\t<div id=\"gap-2059731514\" class=\"gap-element clearfix\" style=\"display:block; height:auto;\">\n\t\t\n<style>\n#gap-2059731514 {\n  padding-top: 15px;\n}\n<\/style>\n\t<\/div>\n\t\n\t<div id=\"text-325252810\" class=\"text\">\n\t\t\n<h3 class=\"uppercase\"><strong><span style=\"font-size: 115%;\">B\u00e1nh k\u1eb9o<\/span><\/strong><\/h3>\n\t\t\n<style>\n#text-325252810 {\n  font-size: 0.95rem;\n  text-align: center;\n}\n<\/style>\n\t<\/div>\n\t\n\t\t<\/div>\n\t\t\t\t\t<\/div>\n\n\t\n\n\t<div id=\"col-425451759\" class=\"col medium-3 small-6 large-3\"  >\n\t\t\t\t<div class=\"col-inner\"  >\n\t\t\t\n\t\t\t\n\n  <div class=\"banner has-hover vs-service-box bg-zoom-long\" id=\"banner-1968210817\">\n          <div class=\"banner-inner fill\">\n        <div class=\"banner-bg fill\" >\n            <div class=\"bg fill bg-fill bg-loaded\"><\/div>\n                                    \n                    <\/div>\n\t\t\n        <div class=\"banner-layers container\">\n            <div class=\"fill banner-link\"><\/div>            \n   <div id=\"text-box-137320919\" class=\"text-box banner-layer x50 md-x50 lg-x50 y95 md-y95 lg-y95 res-text\">\n                                <div class=\"text-box-content text dark\">\n              \n              <div class=\"text-inner text-center\">\n                  \n              <\/div>\n           <\/div>\n                            \n<style>\n#text-box-137320919 {\n  width: 60%;\n}\n#text-box-137320919 .text-box-content {\n  font-size: 100%;\n}\n<\/style>\n    <\/div>\n \n        <\/div>\n      <\/div>\n\n            \n<style>\n#banner-1968210817 {\n  padding-top: 65%;\n}\n#banner-1968210817 .bg.bg-loaded {\n  background-image: url(https:\/\/fujiyamajp.com\/wp-content\/uploads\/2025\/12\/z7280259030209_20d78dea1be1b6294ea1aa1e86fdcbfe-1.jpg);\n}\n#banner-1968210817 .bg {\n  background-position: 20% 85%;\n}\n<\/style>\n  <\/div>\n\n\n\t<div id=\"gap-187033075\" class=\"gap-element clearfix\" style=\"display:block; height:auto;\">\n\t\t\n<style>\n#gap-187033075 {\n  padding-top: 15px;\n}\n<\/style>\n\t<\/div>\n\t\n\t<div id=\"text-2084543925\" class=\"text\">\n\t\t\n<h3 class=\"uppercase\"><strong><span style=\"font-size: 115%;\">Gia v\u1ecb ch\u00e2u \u00c1<\/span><\/strong><\/h3>\n\t\t\n<style>\n#text-2084543925 {\n  font-size: 0.95rem;\n  text-align: center;\n}\n<\/style>\n\t<\/div>\n\t\n\t\t<\/div>\n\t\t\t\t\t<\/div>\n\n\t\n\n\t<div id=\"col-1517346603\" class=\"col medium-3 small-6 large-3\"  >\n\t\t\t\t<div class=\"col-inner\"  >\n\t\t\t\n\t\t\t\n\n  <div class=\"banner has-hover vs-service-box bg-zoom-long\" id=\"banner-1481513096\">\n          <div class=\"banner-inner fill\">\n        <div class=\"banner-bg fill\" >\n            <div class=\"bg fill bg-fill bg-loaded\"><\/div>\n                                    \n                    <\/div>\n\t\t\n        <div class=\"banner-layers container\">\n            <div class=\"fill banner-link\"><\/div>            \n   <div id=\"text-box-1739641180\" class=\"text-box banner-layer x50 md-x50 lg-x50 y95 md-y95 lg-y95 res-text\">\n                                <div class=\"text-box-content text dark\">\n              \n              <div class=\"text-inner text-center\">\n                  \n              <\/div>\n           <\/div>\n                            \n<style>\n#text-box-1739641180 {\n  width: 60%;\n}\n#text-box-1739641180 .text-box-content {\n  font-size: 100%;\n}\n<\/style>\n    <\/div>\n \n        <\/div>\n      <\/div>\n\n            \n<style>\n#banner-1481513096 {\n  padding-top: 65%;\n}\n#banner-1481513096 .bg.bg-loaded {\n  background-image: url(https:\/\/fujiyamajp.com\/wp-content\/uploads\/2025\/12\/sp4.png);\n}\n#banner-1481513096 .bg {\n  background-position: 0% 57%;\n}\n<\/style>\n  <\/div>\n\n\n\t<div id=\"gap-690810652\" class=\"gap-element clearfix\" style=\"display:block; height:auto;\">\n\t\t\n<style>\n#gap-690810652 {\n  padding-top: 15px;\n}\n<\/style>\n\t<\/div>\n\t\n\t<div id=\"text-3042128068\" class=\"text\">\n\t\t\n<h3 class=\"uppercase\"><strong><span style=\"font-size: 115%;\">C\u00e1 \u0111\u00f4ng l\u1ea1nh<\/span><\/strong><\/h3>\n\t\t\n<style>\n#text-3042128068 {\n  font-size: 0.95rem;\n  text-align: center;\n}\n<\/style>\n\t<\/div>\n\t\n\t\t<\/div>\n\t\t\t\t\t<\/div>\n\n\t\n\n\t<div id=\"col-1951167100\" class=\"col medium-3 small-6 large-3\"  >\n\t\t\t\t<div class=\"col-inner\"  >\n\t\t\t\n\t\t\t\n\n  <div class=\"banner has-hover vs-service-box bg-zoom-long\" id=\"banner-1379252253\">\n          <div class=\"banner-inner fill\">\n        <div class=\"banner-bg fill\" >\n            <div class=\"bg fill bg-fill bg-loaded\"><\/div>\n                                    \n                    <\/div>\n\t\t\n        <div class=\"banner-layers container\">\n            <div class=\"fill banner-link\"><\/div>            \n   <div id=\"text-box-1459775029\" class=\"text-box banner-layer x50 md-x50 lg-x50 y95 md-y95 lg-y95 res-text\">\n                                <div class=\"text-box-content text dark\">\n              \n              <div class=\"text-inner text-center\">\n                  \n              <\/div>\n           <\/div>\n                            \n<style>\n#text-box-1459775029 {\n  width: 60%;\n}\n#text-box-1459775029 .text-box-content {\n  font-size: 100%;\n}\n<\/style>\n    <\/div>\n \n        <\/div>\n      <\/div>\n\n            \n<style>\n#banner-1379252253 {\n  padding-top: 65%;\n}\n#banner-1379252253 .bg.bg-loaded {\n  background-image: url(https:\/\/fujiyamajp.com\/wp-content\/uploads\/2025\/12\/sp2.png);\n}\n<\/style>\n  <\/div>\n\n\n\t<div id=\"gap-1273168849\" class=\"gap-element clearfix\" style=\"display:block; height:auto;\">\n\t\t\n<style>\n#gap-1273168849 {\n  padding-top: 15px;\n}\n<\/style>\n\t<\/div>\n\t\n\t<div id=\"text-1284831970\" class=\"text\">\n\t\t\n<h3 class=\"uppercase\"><strong><span style=\"font-size: 115%;\">\u0110\u1ed3 u\u1ed1ng<\/span><\/strong><\/h3>\n\t\t\n<style>\n#text-1284831970 {\n  font-size: 0.95rem;\n  text-align: center;\n}\n<\/style>\n\t<\/div>\n\t\n\t\t<\/div>\n\t\t\t\t\t<\/div>\n\n\t\n\n\t<div id=\"col-1751095695\" class=\"col medium-3 small-6 large-3\"  >\n\t\t\t\t<div class=\"col-inner\"  >\n\t\t\t\n\t\t\t\n\n  <div class=\"banner has-hover vs-service-box bg-zoom-long\" id=\"banner-101120897\">\n          <div class=\"banner-inner fill\">\n        <div class=\"banner-bg fill\" >\n            <div class=\"bg fill bg-fill bg-loaded\"><\/div>\n                                    \n                    <\/div>\n\t\t\n        <div class=\"banner-layers container\">\n            <div class=\"fill banner-link\"><\/div>            \n   <div id=\"text-box-954290303\" class=\"text-box banner-layer x50 md-x50 lg-x50 y95 md-y95 lg-y95 res-text\">\n                                <div class=\"text-box-content text dark\">\n              \n              <div class=\"text-inner text-center\">\n                  \n              <\/div>\n           <\/div>\n                            \n<style>\n#text-box-954290303 {\n  width: 60%;\n}\n#text-box-954290303 .text-box-content {\n  font-size: 100%;\n}\n<\/style>\n    <\/div>\n \n        <\/div>\n      <\/div>\n\n            \n<style>\n#banner-101120897 {\n  padding-top: 65%;\n}\n#banner-101120897 .bg.bg-loaded {\n  background-image: url(https:\/\/fujiyamajp.com\/wp-content\/uploads\/2025\/12\/sp5.png);\n}\n#banner-101120897 .bg {\n  background-position: 0% 82%;\n}\n<\/style>\n  <\/div>\n\n\n\t<div id=\"gap-569082255\" class=\"gap-element clearfix\" style=\"display:block; height:auto;\">\n\t\t\n<style>\n#gap-569082255 {\n  padding-top: 15px;\n}\n<\/style>\n\t<\/div>\n\t\n\t<div id=\"text-3669990458\" class=\"text\">\n\t\t\n<h3 class=\"uppercase\"><strong><span style=\"font-size: 115%;\">B\u00e0n bi-a<\/span><\/strong><\/h3>\n\t\t\n<style>\n#text-3669990458 {\n  font-size: 0.95rem;\n  text-align: center;\n}\n<\/style>\n\t<\/div>\n\t\n\t\t<\/div>\n\t\t\t\t\t<\/div>\n\n\t\n<\/div>\n\t\t<\/div>\n\n\t\t\n<style>\n#section_699642839 {\n  padding-top: 30px;\n  padding-bottom: 30px;\n}\n<\/style>\n\t<\/section>\n\t\n","protected":false},"excerpt":{"rendered":"","protected":false},"author":1,"featured_media":0,"parent":0,"menu_order":0,"comment_status":"closed","ping_status":"closed","template":"","meta":{"footnotes":""},"class_list":["post-11","page","type-page","status-publish","hentry"],"_links":{"self":[{"href":"https:\/\/fujiyamajp.com\/vi\/wp-json\/wp\/v2\/pages\/11","targetHints":{"allow":["GET"]}}],"collection":[{"href":"https:\/\/fujiyamajp.com\/vi\/wp-json\/wp\/v2\/pages"}],"about":[{"href":"https:\/\/fujiyamajp.com\/vi\/wp-json\/wp\/v2\/types\/page"}],"author":[{"embeddable":true,"href":"https:\/\/fujiyamajp.com\/vi\/wp-json\/wp\/v2\/users\/1"}],"replies":[{"embeddable":true,"href":"https:\/\/fujiyamajp.com\/vi\/wp-json\/wp\/v2\/comments?post=11"}],"version-history":[{"count":12,"href":"https:\/\/fujiyamajp.com\/vi\/wp-json\/wp\/v2\/pages\/11\/revisions"}],"predecessor-version":[{"id":776,"href":"https:\/\/fujiyamajp.com\/vi\/wp-json\/wp\/v2\/pages\/11\/revisions\/776"}],"wp:attachment":[{"href":"https:\/\/fujiyamajp.com\/vi\/wp-json\/wp\/v2\/media?parent=11"}],"curies":[{"name":"wp","href":"https:\/\/api.w.org\/{rel}","templated":true}]}}